{"id":124,"date":"2023-07-24T14:19:49","date_gmt":"2023-07-24T12:19:49","guid":{"rendered":"https:\/\/lesservicesbretons.fr\/?page_id=124"},"modified":"2023-07-24T14:50:41","modified_gmt":"2023-07-24T12:50:41","slug":"avance-immediate-du-credit-dimpot","status":"publish","type":"page","link":"https:\/\/lesservicesbretons.fr\/index.php\/avance-immediate-du-credit-dimpot\/","title":{"rendered":"Avance imm\u00e9diate du cr\u00e9dit d&rsquo;imp\u00f4t"},"content":{"rendered":"\n<figure><img decoding=\"async\" src=\"https:\/\/lesservicesbretons.fr\/wp-content\/uploads\/2023\/07\/Infographie-prestataire-version-simplifiee-1-pdf-1024x538.jpg\" alt=\"\" \/><\/figure>\n\n\n\n<p>&nbsp;<\/p>\n\n\n\n<h2 class=\"wp-block-heading\">Profitez d\u00e8s maintenant de l&rsquo;avance imm\u00e9diate de cr\u00e9dit d&rsquo;imp\u00f4t pour les services \u00e0 la personne !<\/h2>\n\n\n\n<p>&nbsp;<\/p>\n\n\n\n<p><\/p>\n\n\n\n<h2 class=\"wp-block-heading\">Avec ce nouveau dispositif&nbsp;<\/h2>\n\n\n\n<p><\/p>\n\n\n\n<p>Vous n&rsquo;avez plus besoin de provisionner votre tr\u00e9sorerie \u00e0 l&rsquo;avance, ni d&rsquo;attendre votre d\u00e9claration fiscale pour \u00eatre rembours\u00e9. Le cr\u00e9dit d&rsquo;imp\u00f4t s&rsquo;applique imm\u00e9diatement, r\u00e9duisant de moiti\u00e9 le co\u00fbt des prestations de services \u00e0 domicile. <\/p>\n\n\n\n<p>Si vous envisagiez de faire appel \u00e0 Les Services Bretons pour vous accompagner au quotidien, c&rsquo;est le moment id\u00e9al ! Notre service client se fera un plaisir de vous renseigner sur nos tarifs et de vous accompagner dans la mise en place du dispositif d&rsquo;avance imm\u00e9diate.<\/p>\n\n\n\n<p>&nbsp;<\/p>\n\n\n\n<h2 class=\"wp-block-heading\">L&rsquo;objectif<\/h2>\n\n\n\n<p><\/p>\n\n\n\n<p>L&rsquo;objectif de cette avance imm\u00e9diate de cr\u00e9dit d&rsquo;imp\u00f4t est de simplifier le processus de remboursement en appliquant directement la r\u00e9duction, \u00e9liminant ainsi le d\u00e9calage de tr\u00e9sorerie. <\/p>\n\n\n\n<p>Par exemple, pour une facture mensuelle de 200\u20ac pour les services d&rsquo;entretien du jardin, vous n&rsquo;avez plus qu&rsquo;\u00e0 d\u00e9bourser la moiti\u00e9, soit 100\u20ac, gr\u00e2ce \u00e0 cette disposition fiscale imm\u00e9diate.<\/p>\n\n\n\n<p>En plus de simplifier les d\u00e9marches pour les particuliers, cette mesure vise \u00e0 redonner du pouvoir d&rsquo;achat aux familles et \u00e0 soutenir l&#8217;emploi dans le secteur des services \u00e0 la personne. Elle encourage \u00e9galement la d\u00e9claration des employ\u00e9s \u00e0 domicile pour lutter contre le travail dissimul\u00e9 et la pr\u00e9carit\u00e9 des travailleurs de ce secteur.<\/p>\n\n\n\n<p>&nbsp;<\/p>\n\n\n\n<p>Profitez d\u00e8s aujourd&rsquo;hui de l&rsquo;avantage de l&rsquo;avance imm\u00e9diate de cr\u00e9dit d&rsquo;imp\u00f4t avec Les Services Bretons pour des services \u00e0 la personne simplifi\u00e9s et abordables !<\/p>\n\n\n\n<p>&nbsp;<\/p>\n\n\n\n<p class=\"has-small-font-size\"><strong>Page d&rsquo;information sur les plafonds de cr\u00e9dit d&rsquo;imp\u00f4t : <\/strong><a href=\"https:\/\/www.impots.gouv.fr\/portail\/particulier\/emploi-domicile\">https:\/\/www.impots.gouv.fr\/portail\/particulier\/emploi-domicile<\/a><\/p>\n\n\n\n<p class=\"has-small-font-size\"><strong>Plus d\u2019information sur l&rsquo;avance imm\u00e9diate du cr\u00e9dit d&rsquo;imp\u00f4t :<\/strong> <a href=\"https:\/\/particulier.urssaf.fr\" target=\"_blank\" rel=\"noreferrer noopener\">https:\/\/particulier.urssaf.fr<\/a><\/p>\n\n\n\n<p>&nbsp;<\/p>\n\n\n\n<ul class=\"wp-block-list\">\n<li>Le service est mis en place par l&rsquo;Urssaf et la Direction g\u00e9n\u00e9rale des Finances publiques<\/li>\n\n\n\n<li>L&rsquo;avance imm\u00e9diate du cr\u00e9dit d&rsquo;imp\u00f4t est un service non obligatoire et gratuit<\/li>\n\n\n\n<li>Parcours d&rsquo;activation : Le client devra activer son compte sur le site d\u00e9di\u00e9\u00a0; il recevra les demandes de paiement \u00e9mises par son Organisme de services \u00e0 la personne sur son compte et aura 48h pour les valider ou les contester (une brochure de pr\u00e9sentation \u00e9diter par l&rsquo;URSSAF vous sera transmise)<\/li>\n\n\n\n<li>En cas de question, l&rsquo;interlocuteur du client reste l&rsquo;Organisme de services \u00e0 la personne<\/li>\n<\/ul>\n","protected":false},"excerpt":{"rendered":"<p>&nbsp; Profitez d\u00e8s maintenant de l&rsquo;avance imm\u00e9diate de cr\u00e9dit d&rsquo;imp\u00f4t pour les services \u00e0 la personne ! &nbsp; Avec ce nouveau dispositif&nbsp; Vous n&rsquo;avez plus besoin de provisionner votre tr\u00e9sorerie \u00e0 l&rsquo;avance, ni d&rsquo;attendre votre d\u00e9claration fiscale pour \u00eatre rembours\u00e9. Le cr\u00e9dit d&rsquo;imp\u00f4t s&rsquo;applique imm\u00e9diatement, r\u00e9duisant de moiti\u00e9 le co\u00fbt des prestations de services \u00e0 [&hellip;]<\/p>\n","protected":false},"author":1,"featured_media":125,"parent":0,"menu_order":0,"comment_status":"closed","ping_status":"closed","template":"","meta":{"footnotes":""},"class_list":["post-124","page","type-page","status-publish","has-post-thumbnail","hentry"],"yoast_head":"<!-- This site is optimized with the Yoast SEO plugin v27.5 - https:\/\/yoast.com\/product\/yoast-seo-wordpress\/ -->\n<title>Avance imm\u00e9diate du cr\u00e9dit d&#039;imp\u00f4t - Les Services Bretons - Entretien du Jardin<\/title>\n<meta name=\"description\" content=\"Optez pour l&#039;avance imm\u00e9diate de cr\u00e9dit d&#039;imp\u00f4t pour les services \u00e0 la personne avec Les Services Bretons ! Fini l&#039;attente d&#039;un an pour le remboursement, profitez d\u00e8s maintenant d&#039;une r\u00e9duction de 50% sur vos prestations. D\u00e9couvrez cette mesure qui simplifie vos d\u00e9penses\" \/>\n<meta name=\"robots\" content=\"index, follow, max-snippet:-1, max-image-preview:large, max-video-preview:-1\" \/>\n<link rel=\"canonical\" href=\"https:\/\/lesservicesbretons.fr\/index.php\/avance-immediate-du-credit-dimpot\/\" \/>\n<meta property=\"og:locale\" content=\"fr_FR\" \/>\n<meta property=\"og:type\" content=\"article\" \/>\n<meta property=\"og:title\" content=\"Avance imm\u00e9diate du cr\u00e9dit d&#039;imp\u00f4t - Les Services Bretons - Entretien du Jardin\" \/>\n<meta property=\"og:description\" content=\"Optez pour l&#039;avance imm\u00e9diate de cr\u00e9dit d&#039;imp\u00f4t pour les services \u00e0 la personne avec Les Services Bretons ! Fini l&#039;attente d&#039;un an pour le remboursement, profitez d\u00e8s maintenant d&#039;une r\u00e9duction de 50% sur vos prestations. D\u00e9couvrez cette mesure qui simplifie vos d\u00e9penses\" \/>\n<meta property=\"og:url\" content=\"https:\/\/lesservicesbretons.fr\/index.php\/avance-immediate-du-credit-dimpot\/\" \/>\n<meta property=\"og:site_name\" content=\"Les Services Bretons - Entretien du Jardin\" \/>\n<meta property=\"article:publisher\" content=\"https:\/\/www.facebook.com\/ServicesBretons\/\" \/>\n<meta property=\"article:modified_time\" content=\"2023-07-24T12:50:41+00:00\" \/>\n<meta property=\"og:image\" content=\"https:\/\/lesservicesbretons.fr\/wp-content\/uploads\/2025\/04\/29462317-adobestock-284379076-copie.jpeg\" \/>\n\t<meta property=\"og:image:width\" content=\"2000\" \/>\n\t<meta property=\"og:image:height\" content=\"849\" \/>\n\t<meta property=\"og:image:type\" content=\"image\/jpeg\" \/>\n<meta name=\"twitter:card\" content=\"summary_large_image\" \/>\n<meta name=\"twitter:label1\" content=\"Dur\u00e9e de lecture estim\u00e9e\" \/>\n\t<meta name=\"twitter:data1\" content=\"2 minutes\" \/>\n<script type=\"application\/ld+json\" class=\"yoast-schema-graph\">{\"@context\":\"https:\\\/\\\/schema.org\",\"@graph\":[{\"@type\":\"WebPage\",\"@id\":\"https:\\\/\\\/lesservicesbretons.fr\\\/index.php\\\/avance-immediate-du-credit-dimpot\\\/\",\"url\":\"https:\\\/\\\/lesservicesbretons.fr\\\/index.php\\\/avance-immediate-du-credit-dimpot\\\/\",\"name\":\"Avance imm\u00e9diate du cr\u00e9dit d'imp\u00f4t - Les Services Bretons - Entretien du Jardin\",\"isPartOf\":{\"@id\":\"https:\\\/\\\/lesservicesbretons.fr\\\/#website\"},\"primaryImageOfPage\":{\"@id\":\"https:\\\/\\\/lesservicesbretons.fr\\\/index.php\\\/avance-immediate-du-credit-dimpot\\\/#primaryimage\"},\"image\":{\"@id\":\"https:\\\/\\\/lesservicesbretons.fr\\\/index.php\\\/avance-immediate-du-credit-dimpot\\\/#primaryimage\"},\"thumbnailUrl\":\"https:\\\/\\\/lesservicesbretons.fr\\\/wp-content\\\/uploads\\\/2023\\\/07\\\/Infographie-prestataire-version-simplifiee-pdf.jpg\",\"datePublished\":\"2023-07-24T12:19:49+00:00\",\"dateModified\":\"2023-07-24T12:50:41+00:00\",\"description\":\"Optez pour l'avance imm\u00e9diate de cr\u00e9dit d'imp\u00f4t pour les services \u00e0 la personne avec Les Services Bretons ! Fini l'attente d'un an pour le remboursement, profitez d\u00e8s maintenant d'une r\u00e9duction de 50% sur vos prestations. D\u00e9couvrez cette mesure qui simplifie vos d\u00e9penses\",\"breadcrumb\":{\"@id\":\"https:\\\/\\\/lesservicesbretons.fr\\\/index.php\\\/avance-immediate-du-credit-dimpot\\\/#breadcrumb\"},\"inLanguage\":\"fr-FR\",\"potentialAction\":[{\"@type\":\"ReadAction\",\"target\":[\"https:\\\/\\\/lesservicesbretons.fr\\\/index.php\\\/avance-immediate-du-credit-dimpot\\\/\"]}]},{\"@type\":\"ImageObject\",\"inLanguage\":\"fr-FR\",\"@id\":\"https:\\\/\\\/lesservicesbretons.fr\\\/index.php\\\/avance-immediate-du-credit-dimpot\\\/#primaryimage\",\"url\":\"https:\\\/\\\/lesservicesbretons.fr\\\/wp-content\\\/uploads\\\/2023\\\/07\\\/Infographie-prestataire-version-simplifiee-pdf.jpg\",\"contentUrl\":\"https:\\\/\\\/lesservicesbretons.fr\\\/wp-content\\\/uploads\\\/2023\\\/07\\\/Infographie-prestataire-version-simplifiee-pdf.jpg\"},{\"@type\":\"BreadcrumbList\",\"@id\":\"https:\\\/\\\/lesservicesbretons.fr\\\/index.php\\\/avance-immediate-du-credit-dimpot\\\/#breadcrumb\",\"itemListElement\":[{\"@type\":\"ListItem\",\"position\":1,\"name\":\"Accueil\",\"item\":\"https:\\\/\\\/lesservicesbretons.fr\\\/\"},{\"@type\":\"ListItem\",\"position\":2,\"name\":\"Avance imm\u00e9diate du cr\u00e9dit d&rsquo;imp\u00f4t\"}]},{\"@type\":\"WebSite\",\"@id\":\"https:\\\/\\\/lesservicesbretons.fr\\\/#website\",\"url\":\"https:\\\/\\\/lesservicesbretons.fr\\\/\",\"name\":\"Les Services Bretons - Entretien du Jardin sur Saint-Malo , Cancale et Dinard\",\"description\":\"Un jardin \u00e0 votre image\",\"publisher\":{\"@id\":\"https:\\\/\\\/lesservicesbretons.fr\\\/#organization\"},\"potentialAction\":[{\"@type\":\"SearchAction\",\"target\":{\"@type\":\"EntryPoint\",\"urlTemplate\":\"https:\\\/\\\/lesservicesbretons.fr\\\/?s={search_term_string}\"},\"query-input\":{\"@type\":\"PropertyValueSpecification\",\"valueRequired\":true,\"valueName\":\"search_term_string\"}}],\"inLanguage\":\"fr-FR\"},{\"@type\":\"Organization\",\"@id\":\"https:\\\/\\\/lesservicesbretons.fr\\\/#organization\",\"name\":\"Les Services Bretons\",\"url\":\"https:\\\/\\\/lesservicesbretons.fr\\\/\",\"logo\":{\"@type\":\"ImageObject\",\"inLanguage\":\"fr-FR\",\"@id\":\"https:\\\/\\\/lesservicesbretons.fr\\\/#\\\/schema\\\/logo\\\/image\\\/\",\"url\":\"https:\\\/\\\/lesservicesbretons.fr\\\/wp-content\\\/uploads\\\/2022\\\/05\\\/cropped-Les-Services-Bretons-jardin.png\",\"contentUrl\":\"https:\\\/\\\/lesservicesbretons.fr\\\/wp-content\\\/uploads\\\/2022\\\/05\\\/cropped-Les-Services-Bretons-jardin.png\",\"width\":563,\"height\":309,\"caption\":\"Les Services Bretons\"},\"image\":{\"@id\":\"https:\\\/\\\/lesservicesbretons.fr\\\/#\\\/schema\\\/logo\\\/image\\\/\"},\"sameAs\":[\"https:\\\/\\\/www.facebook.com\\\/ServicesBretons\\\/\"]}]}<\/script>\n<!-- \/ Yoast SEO plugin. -->","yoast_head_json":{"title":"Avance imm\u00e9diate du cr\u00e9dit d'imp\u00f4t - Les Services Bretons - Entretien du Jardin","description":"Optez pour l'avance imm\u00e9diate de cr\u00e9dit d'imp\u00f4t pour les services \u00e0 la personne avec Les Services Bretons ! Fini l'attente d'un an pour le remboursement, profitez d\u00e8s maintenant d'une r\u00e9duction de 50% sur vos prestations. D\u00e9couvrez cette mesure qui simplifie vos d\u00e9penses","robots":{"index":"index","follow":"follow","max-snippet":"max-snippet:-1","max-image-preview":"max-image-preview:large","max-video-preview":"max-video-preview:-1"},"canonical":"https:\/\/lesservicesbretons.fr\/index.php\/avance-immediate-du-credit-dimpot\/","og_locale":"fr_FR","og_type":"article","og_title":"Avance imm\u00e9diate du cr\u00e9dit d'imp\u00f4t - Les Services Bretons - Entretien du Jardin","og_description":"Optez pour l'avance imm\u00e9diate de cr\u00e9dit d'imp\u00f4t pour les services \u00e0 la personne avec Les Services Bretons ! Fini l'attente d'un an pour le remboursement, profitez d\u00e8s maintenant d'une r\u00e9duction de 50% sur vos prestations. D\u00e9couvrez cette mesure qui simplifie vos d\u00e9penses","og_url":"https:\/\/lesservicesbretons.fr\/index.php\/avance-immediate-du-credit-dimpot\/","og_site_name":"Les Services Bretons - Entretien du Jardin","article_publisher":"https:\/\/www.facebook.com\/ServicesBretons\/","article_modified_time":"2023-07-24T12:50:41+00:00","og_image":[{"width":2000,"height":849,"url":"https:\/\/lesservicesbretons.fr\/wp-content\/uploads\/2025\/04\/29462317-adobestock-284379076-copie.jpeg","type":"image\/jpeg"}],"twitter_card":"summary_large_image","twitter_misc":{"Dur\u00e9e de lecture estim\u00e9e":"2 minutes"},"schema":{"@context":"https:\/\/schema.org","@graph":[{"@type":"WebPage","@id":"https:\/\/lesservicesbretons.fr\/index.php\/avance-immediate-du-credit-dimpot\/","url":"https:\/\/lesservicesbretons.fr\/index.php\/avance-immediate-du-credit-dimpot\/","name":"Avance imm\u00e9diate du cr\u00e9dit d'imp\u00f4t - Les Services Bretons - Entretien du Jardin","isPartOf":{"@id":"https:\/\/lesservicesbretons.fr\/#website"},"primaryImageOfPage":{"@id":"https:\/\/lesservicesbretons.fr\/index.php\/avance-immediate-du-credit-dimpot\/#primaryimage"},"image":{"@id":"https:\/\/lesservicesbretons.fr\/index.php\/avance-immediate-du-credit-dimpot\/#primaryimage"},"thumbnailUrl":"https:\/\/lesservicesbretons.fr\/wp-content\/uploads\/2023\/07\/Infographie-prestataire-version-simplifiee-pdf.jpg","datePublished":"2023-07-24T12:19:49+00:00","dateModified":"2023-07-24T12:50:41+00:00","description":"Optez pour l'avance imm\u00e9diate de cr\u00e9dit d'imp\u00f4t pour les services \u00e0 la personne avec Les Services Bretons ! Fini l'attente d'un an pour le remboursement, profitez d\u00e8s maintenant d'une r\u00e9duction de 50% sur vos prestations. D\u00e9couvrez cette mesure qui simplifie vos d\u00e9penses","breadcrumb":{"@id":"https:\/\/lesservicesbretons.fr\/index.php\/avance-immediate-du-credit-dimpot\/#breadcrumb"},"inLanguage":"fr-FR","potentialAction":[{"@type":"ReadAction","target":["https:\/\/lesservicesbretons.fr\/index.php\/avance-immediate-du-credit-dimpot\/"]}]},{"@type":"ImageObject","inLanguage":"fr-FR","@id":"https:\/\/lesservicesbretons.fr\/index.php\/avance-immediate-du-credit-dimpot\/#primaryimage","url":"https:\/\/lesservicesbretons.fr\/wp-content\/uploads\/2023\/07\/Infographie-prestataire-version-simplifiee-pdf.jpg","contentUrl":"https:\/\/lesservicesbretons.fr\/wp-content\/uploads\/2023\/07\/Infographie-prestataire-version-simplifiee-pdf.jpg"},{"@type":"BreadcrumbList","@id":"https:\/\/lesservicesbretons.fr\/index.php\/avance-immediate-du-credit-dimpot\/#breadcrumb","itemListElement":[{"@type":"ListItem","position":1,"name":"Accueil","item":"https:\/\/lesservicesbretons.fr\/"},{"@type":"ListItem","position":2,"name":"Avance imm\u00e9diate du cr\u00e9dit d&rsquo;imp\u00f4t"}]},{"@type":"WebSite","@id":"https:\/\/lesservicesbretons.fr\/#website","url":"https:\/\/lesservicesbretons.fr\/","name":"Les Services Bretons - Entretien du Jardin sur Saint-Malo , Cancale et Dinard","description":"Un jardin \u00e0 votre image","publisher":{"@id":"https:\/\/lesservicesbretons.fr\/#organization"},"potentialAction":[{"@type":"SearchAction","target":{"@type":"EntryPoint","urlTemplate":"https:\/\/lesservicesbretons.fr\/?s={search_term_string}"},"query-input":{"@type":"PropertyValueSpecification","valueRequired":true,"valueName":"search_term_string"}}],"inLanguage":"fr-FR"},{"@type":"Organization","@id":"https:\/\/lesservicesbretons.fr\/#organization","name":"Les Services Bretons","url":"https:\/\/lesservicesbretons.fr\/","logo":{"@type":"ImageObject","inLanguage":"fr-FR","@id":"https:\/\/lesservicesbretons.fr\/#\/schema\/logo\/image\/","url":"https:\/\/lesservicesbretons.fr\/wp-content\/uploads\/2022\/05\/cropped-Les-Services-Bretons-jardin.png","contentUrl":"https:\/\/lesservicesbretons.fr\/wp-content\/uploads\/2022\/05\/cropped-Les-Services-Bretons-jardin.png","width":563,"height":309,"caption":"Les Services Bretons"},"image":{"@id":"https:\/\/lesservicesbretons.fr\/#\/schema\/logo\/image\/"},"sameAs":["https:\/\/www.facebook.com\/ServicesBretons\/"]}]}},"_links":{"self":[{"href":"https:\/\/lesservicesbretons.fr\/index.php\/wp-json\/wp\/v2\/pages\/124","targetHints":{"allow":["GET"]}}],"collection":[{"href":"https:\/\/lesservicesbretons.fr\/index.php\/wp-json\/wp\/v2\/pages"}],"about":[{"href":"https:\/\/lesservicesbretons.fr\/index.php\/wp-json\/wp\/v2\/types\/page"}],"author":[{"embeddable":true,"href":"https:\/\/lesservicesbretons.fr\/index.php\/wp-json\/wp\/v2\/users\/1"}],"replies":[{"embeddable":true,"href":"https:\/\/lesservicesbretons.fr\/index.php\/wp-json\/wp\/v2\/comments?post=124"}],"version-history":[{"count":20,"href":"https:\/\/lesservicesbretons.fr\/index.php\/wp-json\/wp\/v2\/pages\/124\/revisions"}],"predecessor-version":[{"id":156,"href":"https:\/\/lesservicesbretons.fr\/index.php\/wp-json\/wp\/v2\/pages\/124\/revisions\/156"}],"wp:featuredmedia":[{"embeddable":true,"href":"https:\/\/lesservicesbretons.fr\/index.php\/wp-json\/wp\/v2\/media\/125"}],"wp:attachment":[{"href":"https:\/\/lesservicesbretons.fr\/index.php\/wp-json\/wp\/v2\/media?parent=124"}],"curies":[{"name":"wp","href":"https:\/\/api.w.org\/{rel}","templated":true}]}}