{"id":163,"date":"2025-03-11T13:27:55","date_gmt":"2025-03-11T12:27:55","guid":{"rendered":"https:\/\/lesservicesbretons.fr\/?page_id=163"},"modified":"2025-09-29T10:12:18","modified_gmt":"2025-09-29T08:12:18","slug":"taille-haie-saint-malo-cancale-dinard","status":"publish","type":"page","link":"https:\/\/lesservicesbretons.fr\/index.php\/taille-haie-saint-malo-cancale-dinard\/","title":{"rendered":"Taille de haie"},"content":{"rendered":"\n<div class=\"wp-block-media-text is-stacked-on-mobile\"><figure class=\"wp-block-media-text__media\"><img loading=\"lazy\" decoding=\"async\" width=\"1024\" height=\"682\" src=\"https:\/\/lesservicesbretons.fr\/wp-content\/uploads\/2025\/04\/Fotolia_117706822_Subscription_Monthly_M-1-1024x682.jpeg\" alt=\"\" class=\"wp-image-240 size-full\" srcset=\"https:\/\/lesservicesbretons.fr\/wp-content\/uploads\/2025\/04\/Fotolia_117706822_Subscription_Monthly_M-1-1024x682.jpeg 1024w, https:\/\/lesservicesbretons.fr\/wp-content\/uploads\/2025\/04\/Fotolia_117706822_Subscription_Monthly_M-1-300x200.jpeg 300w, https:\/\/lesservicesbretons.fr\/wp-content\/uploads\/2025\/04\/Fotolia_117706822_Subscription_Monthly_M-1-768x512.jpeg 768w, https:\/\/lesservicesbretons.fr\/wp-content\/uploads\/2025\/04\/Fotolia_117706822_Subscription_Monthly_M-1-1536x1024.jpeg 1536w, https:\/\/lesservicesbretons.fr\/wp-content\/uploads\/2025\/04\/Fotolia_117706822_Subscription_Monthly_M-1.jpeg 1688w\" sizes=\"auto, (max-width: 1024px) 100vw, 1024px\" \/><\/figure><div class=\"wp-block-media-text__content\">\n<p class=\"has-large-font-size\"><strong>Taille de haie \u00e0 Saint-Malo, Cancale et Dinard : Faites confiance aux Services Bretons<\/strong><\/p>\n\n\n\n<p>Vous recherchez un professionnel pour la <strong>taille de haie \u00e0 Saint-Malo, Cancale ou Dinard<\/strong> \u202f? <strong>Les Services Bretons<\/strong> vous proposent des prestations compl\u00e8tes pour l\u2019entretien de vos espaces verts, incluant la taille de haies, l\u2019\u00e9lagage d\u2019arbustes et le soin de vos plantes. Profitez du savoir-faire et de l\u2019exp\u00e9rience de notre \u00e9quipe pour b\u00e9n\u00e9ficier d\u2019un r\u00e9sultat soign\u00e9 et durable.<\/p>\n<\/div><\/div>\n\n\n\n<div style=\"height:42px\" aria-hidden=\"true\" class=\"wp-block-spacer\"><\/div>\n\n\n\n<hr class=\"wp-block-separator has-alpha-channel-opacity\"\/>\n\n\n\n<h2 class=\"wp-block-heading\">Un service de proximit\u00e9 pour vos haies et arbustes<\/h2>\n\n\n\n<div style=\"height:26px\" aria-hidden=\"true\" class=\"wp-block-spacer\"><\/div>\n\n\n\n<p>Notre entreprise est sp\u00e9cialis\u00e9e dans l\u2019<strong>entretien des jardins et des espaces verts<\/strong>. Nous intervenons rapidement chez vous \u00e0 <strong>Saint-Malo<\/strong>, <strong>Cancale<\/strong> ou <strong>Dinard<\/strong> et villes proches pour r\u00e9aliser la taille de vos haies et arbustes, quelle que soit leur vari\u00e9t\u00e9\u202f: laurier, thuya, cypr\u00e8s, tro\u00e8ne, etc.<\/p>\n\n\n\n<ul class=\"wp-block-list\">\n<li><strong>\u00c9quipements professionnels<\/strong>\u202f: Nous disposons d\u2019outils adapt\u00e9s \u00e0 chaque type de v\u00e9g\u00e9tal afin de garantir une coupe pr\u00e9cise et homog\u00e8ne.<\/li>\n\n\n\n<li><strong>\u00c9quipe exp\u00e9riment\u00e9e<\/strong>\u202f: Nos jardiniers sont form\u00e9s aux meilleures techniques de taille et connaissent parfaitement les besoins sp\u00e9cifiques de chaque esp\u00e8ce.<\/li>\n\n\n\n<li><strong>Conseils personnalis\u00e9s<\/strong>\u202f: Nous vous orientons sur la fr\u00e9quence de taille et l\u2019entretien optimal pour vos haies afin de pr\u00e9server leur bonne sant\u00e9 et leur esth\u00e9tique.<\/li>\n<\/ul>\n\n\n\n<div style=\"height:42px\" aria-hidden=\"true\" class=\"wp-block-spacer\"><\/div>\n\n\n\n<hr class=\"wp-block-separator has-alpha-channel-opacity\"\/>\n\n\n\n<h2 class=\"wp-block-heading\">Pourquoi faire tailler vos haies\u202f?<\/h2>\n\n\n\n<div style=\"height:26px\" aria-hidden=\"true\" class=\"wp-block-spacer\"><\/div>\n\n\n\n<p>La <strong>taille de haie<\/strong> est essentielle pour conserver un jardin agr\u00e9able et harmonieux. En plus de maintenir un aspect soign\u00e9, elle permet de\u202f:<\/p>\n\n\n\n<ol class=\"wp-block-list\">\n<li><strong>Stimuler la repousse<\/strong> et favoriser la densit\u00e9 du feuillage<\/li>\n\n\n\n<li><strong>Assurer la sant\u00e9<\/strong> des arbustes en \u00e9vitant que certaines branches ne s\u2019affaiblissent<\/li>\n\n\n\n<li><strong>D\u00e9limiter<\/strong> clairement vos espaces ext\u00e9rieurs (limites de propri\u00e9t\u00e9, massifs de fleurs, zones de repos, etc.)<\/li>\n<\/ol>\n\n\n\n<p>En confiant la taille de vos haies aux <strong>Services Bretons<\/strong>, vous pr\u00e9servez la beaut\u00e9 de votre jardin toute l\u2019ann\u00e9e, tout en gagnant du temps et en \u00e9vitant les risques li\u00e9s \u00e0 un mat\u00e9riel inadapt\u00e9 ou \u00e0 un manque d\u2019expertise.<\/p>\n\n\n\n<div style=\"height:42px\" aria-hidden=\"true\" class=\"wp-block-spacer\"><\/div>\n\n\n\n<hr class=\"wp-block-separator has-alpha-channel-opacity\"\/>\n\n\n\n<h2 class=\"wp-block-heading\">Des prestations sur mesure \u00e0 Saint-Malo, Cancale et Dinard et villes alentours<\/h2>\n\n\n\n<div style=\"height:26px\" aria-hidden=\"true\" class=\"wp-block-spacer\"><\/div>\n\n\n\n<p>Pour r\u00e9pondre au mieux \u00e0 vos besoins, nos prestations de <strong>taille de haie<\/strong> sont toujours personnalis\u00e9es. Nous prenons en compte\u202f:<\/p>\n\n\n\n<ul class=\"wp-block-list\">\n<li>La <strong>hauteur<\/strong> souhait\u00e9e pour vos haies<\/li>\n\n\n\n<li>La <strong>fr\u00e9quence<\/strong> de passage (taille ponctuelle ou entretien r\u00e9gulier)<\/li>\n\n\n\n<li>Les <strong>contraintes saisonni\u00e8res<\/strong> (p\u00e9riode de floraison ou nidification des oiseaux, par exemple)<\/li>\n\n\n\n<li>Les <strong>caract\u00e9ristiques du sol<\/strong> et l\u2019exposition de votre terrain<\/li>\n<\/ul>\n\n\n\n<p>Nous intervenons dans tout le secteur de <strong>Saint-Malo<\/strong>, <strong>Cancale<\/strong> et <strong>Dinard<\/strong> et villes alentours, et pouvons \u00e9galement vous accompagner pour d\u2019autres travaux de jardinage\u202f: tonte de pelouse, d\u00e9broussaillage, entretien des massifs, etc.<\/p>\n\n\n\n<div style=\"height:42px\" aria-hidden=\"true\" class=\"wp-block-spacer\"><\/div>\n\n\n\n<hr class=\"wp-block-separator has-alpha-channel-opacity\"\/>\n\n\n\n<h2 class=\"wp-block-heading\">Les Services Bretons, votre partenaire espaces verts<\/h2>\n\n\n\n<div style=\"height:26px\" aria-hidden=\"true\" class=\"wp-block-spacer\"><\/div>\n\n\n\n<p>En choisissant <strong>Les Services Bretons<\/strong>, vous optez pour\u202f:<\/p>\n\n\n\n<ul class=\"wp-block-list\">\n<li><strong>Une \u00e9quipe qualifi\u00e9e<\/strong> et r\u00e9active<\/li>\n\n\n\n<li><strong>Des prestations de qualit\u00e9<\/strong> adapt\u00e9es \u00e0 chaque budget<\/li>\n\n\n\n<li><strong>Un accompagnement personnalis\u00e9<\/strong> tout au long de l\u2019ann\u00e9e<\/li>\n\n\n\n<li><strong>Un devis gratuit<\/strong> et transparent avant chaque intervention<\/li>\n<\/ul>\n\n\n\n<p>Notre objectif est de vous simplifier la vie en prenant soin de votre jardin, de vos haies et de vos arbustes. Que vous soyez un particulier, un professionnel ou une collectivit\u00e9, nous mettons un point d\u2019honneur \u00e0 garantir votre satisfaction.<\/p>\n\n\n\n<div style=\"height:42px\" aria-hidden=\"true\" class=\"wp-block-spacer\"><\/div>\n\n\n\n<hr class=\"wp-block-separator has-alpha-channel-opacity\"\/>\n\n\n\n<h2 class=\"wp-block-heading\">Contactez-nous pour un devis gratuit<\/h2>\n\n\n\n<div style=\"height:26px\" aria-hidden=\"true\" class=\"wp-block-spacer\"><\/div>\n\n\n\n<p>Vous souhaitez en savoir plus sur la <strong>taille de haie \u00e0 Saint-Malo, Cancale ou Dinard<\/strong>\u202f? N\u2019h\u00e9sitez pas \u00e0 nous contacter pour obtenir un devis gratuit\u202f! Notre \u00e9quipe se tient \u00e0 votre disposition pour r\u00e9pondre \u00e0 toutes vos questions et planifier une intervention rapide.<\/p>\n\n\n\n<div style=\"height:42px\" aria-hidden=\"true\" class=\"wp-block-spacer\"><\/div>\n\n\n\n<h3 class=\"wp-block-heading\">Coordonn\u00e9es<\/h3>\n\n\n\n<div style=\"height:26px\" aria-hidden=\"true\" class=\"wp-block-spacer\"><\/div>\n\n\n\n<ul class=\"wp-block-list\">\n<li><strong>T\u00e9l\u00e9phone<\/strong>\u202f: <a href=\"TEL:+33299584650\">02 99 58 46 50<\/a><\/li>\n<\/ul>\n\n\n\n<p>Faites confiance \u00e0 <strong>Les Services Bretons<\/strong> pour l\u2019entretien et la taille de vos haies. Nous mettons tout en \u0153uvre pour rendre vos espaces ext\u00e9rieurs agr\u00e9ables, fleuris et bien entretenus tout au long de l\u2019ann\u00e9e\u202f!<\/p>\n\n\n\n<p><\/p>\n","protected":false},"excerpt":{"rendered":"<p>Taille de haie \u00e0 Saint-Malo, Cancale et Dinard : Faites confiance aux Services Bretons Vous recherchez un professionnel pour la taille de haie \u00e0 Saint-Malo, Cancale ou Dinard \u202f? Les Services Bretons vous proposent des prestations compl\u00e8tes pour l\u2019entretien de vos espaces verts, incluant la taille de haies, l\u2019\u00e9lagage d\u2019arbustes et le soin de vos [&hellip;]<\/p>\n","protected":false},"author":1,"featured_media":0,"parent":0,"menu_order":0,"comment_status":"closed","ping_status":"closed","template":"","meta":{"footnotes":""},"class_list":["post-163","page","type-page","status-publish","hentry"],"yoast_head":"<!-- This site is optimized with the Yoast SEO plugin v27.6 - https:\/\/yoast.com\/product\/yoast-seo-wordpress\/ -->\n<title>Taille de haie \u00e0 Saint-Malo, Cancale et Dinard \u2013 Services Bretons<\/title>\n<meta name=\"description\" content=\"Confiez la taille de vos haies \u00e0 Saint-Malo, Cancale et Dinard aux Services Bretons\u202f! Profitez d\u2019un service professionnel, rapide et personnalis\u00e9 pour un jardin magnifique\" \/>\n<meta name=\"robots\" content=\"index, follow, max-snippet:-1, max-image-preview:large, max-video-preview:-1\" \/>\n<link rel=\"canonical\" href=\"https:\/\/lesservicesbretons.fr\/index.php\/taille-haie-saint-malo-cancale-dinard\/\" \/>\n<meta property=\"og:locale\" content=\"fr_FR\" \/>\n<meta property=\"og:type\" content=\"article\" \/>\n<meta property=\"og:title\" content=\"Taille de haie \u00e0 Saint-Malo, Cancale et Dinard \u2013 Services Bretons\" \/>\n<meta property=\"og:description\" content=\"Confiez la taille de vos haies \u00e0 Saint-Malo, Cancale et Dinard aux Services Bretons\u202f! Profitez d\u2019un service professionnel, rapide et personnalis\u00e9 pour un jardin magnifique\" \/>\n<meta property=\"og:url\" content=\"https:\/\/lesservicesbretons.fr\/index.php\/taille-haie-saint-malo-cancale-dinard\/\" \/>\n<meta property=\"og:site_name\" content=\"Les Services Bretons - Entretien du Jardin\" \/>\n<meta property=\"article:publisher\" content=\"https:\/\/www.facebook.com\/ServicesBretons\/\" \/>\n<meta property=\"article:modified_time\" content=\"2025-09-29T08:12:18+00:00\" \/>\n<meta property=\"og:image\" content=\"https:\/\/lesservicesbretons.fr\/wp-content\/uploads\/2025\/04\/Fotolia_117706822_Subscription_Monthly_M-1.jpeg\" \/>\n\t<meta property=\"og:image:width\" content=\"1688\" \/>\n\t<meta property=\"og:image:height\" content=\"1125\" \/>\n\t<meta property=\"og:image:type\" content=\"image\/jpeg\" \/>\n<meta name=\"twitter:card\" content=\"summary_large_image\" \/>\n<meta name=\"twitter:label1\" content=\"Dur\u00e9e de lecture estim\u00e9e\" \/>\n\t<meta name=\"twitter:data1\" content=\"4 minutes\" \/>\n<script type=\"application\/ld+json\" class=\"yoast-schema-graph\">{\"@context\":\"https:\\\/\\\/schema.org\",\"@graph\":[{\"@type\":\"WebPage\",\"@id\":\"https:\\\/\\\/lesservicesbretons.fr\\\/index.php\\\/taille-haie-saint-malo-cancale-dinard\\\/\",\"url\":\"https:\\\/\\\/lesservicesbretons.fr\\\/index.php\\\/taille-haie-saint-malo-cancale-dinard\\\/\",\"name\":\"Taille de haie \u00e0 Saint-Malo, Cancale et Dinard \u2013 Services Bretons\",\"isPartOf\":{\"@id\":\"https:\\\/\\\/lesservicesbretons.fr\\\/#website\"},\"primaryImageOfPage\":{\"@id\":\"https:\\\/\\\/lesservicesbretons.fr\\\/index.php\\\/taille-haie-saint-malo-cancale-dinard\\\/#primaryimage\"},\"image\":{\"@id\":\"https:\\\/\\\/lesservicesbretons.fr\\\/index.php\\\/taille-haie-saint-malo-cancale-dinard\\\/#primaryimage\"},\"thumbnailUrl\":\"https:\\\/\\\/lesservicesbretons.fr\\\/wp-content\\\/uploads\\\/2025\\\/04\\\/Fotolia_117706822_Subscription_Monthly_M-1-1024x682.jpeg\",\"datePublished\":\"2025-03-11T12:27:55+00:00\",\"dateModified\":\"2025-09-29T08:12:18+00:00\",\"description\":\"Confiez la taille de vos haies \u00e0 Saint-Malo, Cancale et Dinard aux Services Bretons\u202f! Profitez d\u2019un service professionnel, rapide et personnalis\u00e9 pour un jardin magnifique\",\"breadcrumb\":{\"@id\":\"https:\\\/\\\/lesservicesbretons.fr\\\/index.php\\\/taille-haie-saint-malo-cancale-dinard\\\/#breadcrumb\"},\"inLanguage\":\"fr-FR\",\"potentialAction\":[{\"@type\":\"ReadAction\",\"target\":[\"https:\\\/\\\/lesservicesbretons.fr\\\/index.php\\\/taille-haie-saint-malo-cancale-dinard\\\/\"]}]},{\"@type\":\"ImageObject\",\"inLanguage\":\"fr-FR\",\"@id\":\"https:\\\/\\\/lesservicesbretons.fr\\\/index.php\\\/taille-haie-saint-malo-cancale-dinard\\\/#primaryimage\",\"url\":\"https:\\\/\\\/lesservicesbretons.fr\\\/wp-content\\\/uploads\\\/2025\\\/04\\\/Fotolia_117706822_Subscription_Monthly_M-1.jpeg\",\"contentUrl\":\"https:\\\/\\\/lesservicesbretons.fr\\\/wp-content\\\/uploads\\\/2025\\\/04\\\/Fotolia_117706822_Subscription_Monthly_M-1.jpeg\",\"width\":1688,\"height\":1125},{\"@type\":\"BreadcrumbList\",\"@id\":\"https:\\\/\\\/lesservicesbretons.fr\\\/index.php\\\/taille-haie-saint-malo-cancale-dinard\\\/#breadcrumb\",\"itemListElement\":[{\"@type\":\"ListItem\",\"position\":1,\"name\":\"Accueil\",\"item\":\"https:\\\/\\\/lesservicesbretons.fr\\\/\"},{\"@type\":\"ListItem\",\"position\":2,\"name\":\"Taille de haie\"}]},{\"@type\":\"WebSite\",\"@id\":\"https:\\\/\\\/lesservicesbretons.fr\\\/#website\",\"url\":\"https:\\\/\\\/lesservicesbretons.fr\\\/\",\"name\":\"Les Services Bretons - Entretien du Jardin sur Saint-Malo , Cancale et Dinard\",\"description\":\"Un jardin \u00e0 votre image\",\"publisher\":{\"@id\":\"https:\\\/\\\/lesservicesbretons.fr\\\/#organization\"},\"potentialAction\":[{\"@type\":\"SearchAction\",\"target\":{\"@type\":\"EntryPoint\",\"urlTemplate\":\"https:\\\/\\\/lesservicesbretons.fr\\\/?s={search_term_string}\"},\"query-input\":{\"@type\":\"PropertyValueSpecification\",\"valueRequired\":true,\"valueName\":\"search_term_string\"}}],\"inLanguage\":\"fr-FR\"},{\"@type\":\"Organization\",\"@id\":\"https:\\\/\\\/lesservicesbretons.fr\\\/#organization\",\"name\":\"Les Services Bretons\",\"url\":\"https:\\\/\\\/lesservicesbretons.fr\\\/\",\"logo\":{\"@type\":\"ImageObject\",\"inLanguage\":\"fr-FR\",\"@id\":\"https:\\\/\\\/lesservicesbretons.fr\\\/#\\\/schema\\\/logo\\\/image\\\/\",\"url\":\"https:\\\/\\\/lesservicesbretons.fr\\\/wp-content\\\/uploads\\\/2022\\\/05\\\/cropped-Les-Services-Bretons-jardin.png\",\"contentUrl\":\"https:\\\/\\\/lesservicesbretons.fr\\\/wp-content\\\/uploads\\\/2022\\\/05\\\/cropped-Les-Services-Bretons-jardin.png\",\"width\":563,\"height\":309,\"caption\":\"Les Services Bretons\"},\"image\":{\"@id\":\"https:\\\/\\\/lesservicesbretons.fr\\\/#\\\/schema\\\/logo\\\/image\\\/\"},\"sameAs\":[\"https:\\\/\\\/www.facebook.com\\\/ServicesBretons\\\/\"]}]}<\/script>\n<!-- \/ Yoast SEO plugin. -->","yoast_head_json":{"title":"Taille de haie \u00e0 Saint-Malo, Cancale et Dinard \u2013 Services Bretons","description":"Confiez la taille de vos haies \u00e0 Saint-Malo, Cancale et Dinard aux Services Bretons\u202f! Profitez d\u2019un service professionnel, rapide et personnalis\u00e9 pour un jardin magnifique","robots":{"index":"index","follow":"follow","max-snippet":"max-snippet:-1","max-image-preview":"max-image-preview:large","max-video-preview":"max-video-preview:-1"},"canonical":"https:\/\/lesservicesbretons.fr\/index.php\/taille-haie-saint-malo-cancale-dinard\/","og_locale":"fr_FR","og_type":"article","og_title":"Taille de haie \u00e0 Saint-Malo, Cancale et Dinard \u2013 Services Bretons","og_description":"Confiez la taille de vos haies \u00e0 Saint-Malo, Cancale et Dinard aux Services Bretons\u202f! Profitez d\u2019un service professionnel, rapide et personnalis\u00e9 pour un jardin magnifique","og_url":"https:\/\/lesservicesbretons.fr\/index.php\/taille-haie-saint-malo-cancale-dinard\/","og_site_name":"Les Services Bretons - Entretien du Jardin","article_publisher":"https:\/\/www.facebook.com\/ServicesBretons\/","article_modified_time":"2025-09-29T08:12:18+00:00","og_image":[{"width":1688,"height":1125,"url":"https:\/\/lesservicesbretons.fr\/wp-content\/uploads\/2025\/04\/Fotolia_117706822_Subscription_Monthly_M-1.jpeg","type":"image\/jpeg"}],"twitter_card":"summary_large_image","twitter_misc":{"Dur\u00e9e de lecture estim\u00e9e":"4 minutes"},"schema":{"@context":"https:\/\/schema.org","@graph":[{"@type":"WebPage","@id":"https:\/\/lesservicesbretons.fr\/index.php\/taille-haie-saint-malo-cancale-dinard\/","url":"https:\/\/lesservicesbretons.fr\/index.php\/taille-haie-saint-malo-cancale-dinard\/","name":"Taille de haie \u00e0 Saint-Malo, Cancale et Dinard \u2013 Services Bretons","isPartOf":{"@id":"https:\/\/lesservicesbretons.fr\/#website"},"primaryImageOfPage":{"@id":"https:\/\/lesservicesbretons.fr\/index.php\/taille-haie-saint-malo-cancale-dinard\/#primaryimage"},"image":{"@id":"https:\/\/lesservicesbretons.fr\/index.php\/taille-haie-saint-malo-cancale-dinard\/#primaryimage"},"thumbnailUrl":"https:\/\/lesservicesbretons.fr\/wp-content\/uploads\/2025\/04\/Fotolia_117706822_Subscription_Monthly_M-1-1024x682.jpeg","datePublished":"2025-03-11T12:27:55+00:00","dateModified":"2025-09-29T08:12:18+00:00","description":"Confiez la taille de vos haies \u00e0 Saint-Malo, Cancale et Dinard aux Services Bretons\u202f! Profitez d\u2019un service professionnel, rapide et personnalis\u00e9 pour un jardin magnifique","breadcrumb":{"@id":"https:\/\/lesservicesbretons.fr\/index.php\/taille-haie-saint-malo-cancale-dinard\/#breadcrumb"},"inLanguage":"fr-FR","potentialAction":[{"@type":"ReadAction","target":["https:\/\/lesservicesbretons.fr\/index.php\/taille-haie-saint-malo-cancale-dinard\/"]}]},{"@type":"ImageObject","inLanguage":"fr-FR","@id":"https:\/\/lesservicesbretons.fr\/index.php\/taille-haie-saint-malo-cancale-dinard\/#primaryimage","url":"https:\/\/lesservicesbretons.fr\/wp-content\/uploads\/2025\/04\/Fotolia_117706822_Subscription_Monthly_M-1.jpeg","contentUrl":"https:\/\/lesservicesbretons.fr\/wp-content\/uploads\/2025\/04\/Fotolia_117706822_Subscription_Monthly_M-1.jpeg","width":1688,"height":1125},{"@type":"BreadcrumbList","@id":"https:\/\/lesservicesbretons.fr\/index.php\/taille-haie-saint-malo-cancale-dinard\/#breadcrumb","itemListElement":[{"@type":"ListItem","position":1,"name":"Accueil","item":"https:\/\/lesservicesbretons.fr\/"},{"@type":"ListItem","position":2,"name":"Taille de haie"}]},{"@type":"WebSite","@id":"https:\/\/lesservicesbretons.fr\/#website","url":"https:\/\/lesservicesbretons.fr\/","name":"Les Services Bretons - Entretien du Jardin sur Saint-Malo , Cancale et Dinard","description":"Un jardin \u00e0 votre image","publisher":{"@id":"https:\/\/lesservicesbretons.fr\/#organization"},"potentialAction":[{"@type":"SearchAction","target":{"@type":"EntryPoint","urlTemplate":"https:\/\/lesservicesbretons.fr\/?s={search_term_string}"},"query-input":{"@type":"PropertyValueSpecification","valueRequired":true,"valueName":"search_term_string"}}],"inLanguage":"fr-FR"},{"@type":"Organization","@id":"https:\/\/lesservicesbretons.fr\/#organization","name":"Les Services Bretons","url":"https:\/\/lesservicesbretons.fr\/","logo":{"@type":"ImageObject","inLanguage":"fr-FR","@id":"https:\/\/lesservicesbretons.fr\/#\/schema\/logo\/image\/","url":"https:\/\/lesservicesbretons.fr\/wp-content\/uploads\/2022\/05\/cropped-Les-Services-Bretons-jardin.png","contentUrl":"https:\/\/lesservicesbretons.fr\/wp-content\/uploads\/2022\/05\/cropped-Les-Services-Bretons-jardin.png","width":563,"height":309,"caption":"Les Services Bretons"},"image":{"@id":"https:\/\/lesservicesbretons.fr\/#\/schema\/logo\/image\/"},"sameAs":["https:\/\/www.facebook.com\/ServicesBretons\/"]}]}},"_links":{"self":[{"href":"https:\/\/lesservicesbretons.fr\/index.php\/wp-json\/wp\/v2\/pages\/163","targetHints":{"allow":["GET"]}}],"collection":[{"href":"https:\/\/lesservicesbretons.fr\/index.php\/wp-json\/wp\/v2\/pages"}],"about":[{"href":"https:\/\/lesservicesbretons.fr\/index.php\/wp-json\/wp\/v2\/types\/page"}],"author":[{"embeddable":true,"href":"https:\/\/lesservicesbretons.fr\/index.php\/wp-json\/wp\/v2\/users\/1"}],"replies":[{"embeddable":true,"href":"https:\/\/lesservicesbretons.fr\/index.php\/wp-json\/wp\/v2\/comments?post=163"}],"version-history":[{"count":12,"href":"https:\/\/lesservicesbretons.fr\/index.php\/wp-json\/wp\/v2\/pages\/163\/revisions"}],"predecessor-version":[{"id":318,"href":"https:\/\/lesservicesbretons.fr\/index.php\/wp-json\/wp\/v2\/pages\/163\/revisions\/318"}],"wp:attachment":[{"href":"https:\/\/lesservicesbretons.fr\/index.php\/wp-json\/wp\/v2\/media?parent=163"}],"curies":[{"name":"wp","href":"https:\/\/api.w.org\/{rel}","templated":true}]}}