{"id":170,"date":"2025-03-13T15:03:29","date_gmt":"2025-03-13T14:03:29","guid":{"rendered":"https:\/\/lesservicesbretons.fr\/?page_id=170"},"modified":"2025-09-29T10:14:18","modified_gmt":"2025-09-29T08:14:18","slug":"brouillon-autopetit-bricolage-sap-credit-impot","status":"publish","type":"page","link":"https:\/\/lesservicesbretons.fr\/index.php\/brouillon-autopetit-bricolage-sap-credit-impot\/","title":{"rendered":"Petit bricolage, facilitez votre quotidien"},"content":{"rendered":"\n<div class=\"wp-block-media-text is-stacked-on-mobile\"><figure class=\"wp-block-media-text__media\"><img loading=\"lazy\" decoding=\"async\" width=\"800\" height=\"533\" src=\"https:\/\/lesservicesbretons.fr\/wp-content\/uploads\/2025\/04\/bricolage-saint-malo-Cancale-Dol-de-bretagne.jpg\" alt=\"\" class=\"wp-image-251 size-full\" srcset=\"https:\/\/lesservicesbretons.fr\/wp-content\/uploads\/2025\/04\/bricolage-saint-malo-Cancale-Dol-de-bretagne.jpg 800w, https:\/\/lesservicesbretons.fr\/wp-content\/uploads\/2025\/04\/bricolage-saint-malo-Cancale-Dol-de-bretagne-300x200.jpg 300w, https:\/\/lesservicesbretons.fr\/wp-content\/uploads\/2025\/04\/bricolage-saint-malo-Cancale-Dol-de-bretagne-768x512.jpg 768w\" sizes=\"auto, (max-width: 800px) 100vw, 800px\" \/><\/figure><div class=\"wp-block-media-text__content\">\n<p class=\"has-large-font-size\"><strong>Petit bricolage, facilitez votre quotidien avec Les Services Bretons !<\/strong><\/p>\n\n\n\n<p><\/p>\n\n\n\n<p>Vous avez besoin d\u2019un coup de main pour installer un luminaire, fixer une \u00e9tag\u00e8re ou monter un petit meuble\u202f? <strong>Les Services Bretons<\/strong> vous proposent des prestations de <strong>petit bricolage<\/strong> en <strong>Service \u00e0 la Personne (SAP)<\/strong>. Profitez d\u2019un service rapide, professionnel et \u00e9conomique, tout en b\u00e9n\u00e9ficiant d\u2019avantages fiscaux\u202f!<\/p>\n<\/div><\/div>\n\n\n\n<p><\/p>\n\n\n\n<div style=\"height:59px\" aria-hidden=\"true\" class=\"wp-block-spacer\"><\/div>\n\n\n\n<h2 class=\"wp-block-heading\">Quels travaux de petit bricolage peut-on confier\u202f?<\/h2>\n\n\n\n<div style=\"height:33px\" aria-hidden=\"true\" class=\"wp-block-spacer\"><\/div>\n\n\n\n<p>Le <strong>petit bricolage<\/strong> englobe de nombreuses t\u00e2ches du quotidien ne n\u00e9cessitant pas l\u2019intervention d\u2019un gros \u0153uvre ou d\u2019un artisan sp\u00e9cialis\u00e9. Voici quelques exemples de prestations propos\u00e9es :<\/p>\n\n\n\n<ul class=\"wp-block-list\">\n<li><strong>Pose d\u2019\u00e9tag\u00e8res ou de tableaux<\/strong> : per\u00e7age, fixation murale, ajustements divers.<\/li>\n\n\n\n<li><strong>Montage de meubles en kit<\/strong> : lit, commode, biblioth\u00e8que, mobilier d\u2019appoint.<\/li>\n\n\n\n<li><strong>Installation d\u2019\u00e9l\u00e9ments d\u00e9coratifs<\/strong> : tringles \u00e0 rideaux, stores, miroirs.<\/li>\n\n\n\n<li><strong>Petites r\u00e9parations<\/strong> : remplacement de poign\u00e9es de porte, r\u00e9paration de charni\u00e8res, changement de joints.<\/li>\n\n\n\n<li><strong>Mise en place d\u2019\u00e9quipements de s\u00e9curit\u00e9<\/strong> : barres d\u2019appui, d\u00e9tecteurs de fum\u00e9e, etc.<\/li>\n\n\n\n<li><strong>\u00c9lectricit\u00e9 ou plomberie l\u00e9g\u00e8re<\/strong> : changer une ampoule, un flexible de douche, resserrer un robinet (dans le respect des limites l\u00e9gales du petit bricolage SAP).<\/li>\n<\/ul>\n\n\n\n<p>Cette liste n\u2019est pas exhaustive\u202f; n\u2019h\u00e9sitez pas \u00e0 nous contacter pour v\u00e9rifier si votre projet entre dans le cadre du <strong>petit bricolage<\/strong>.<\/p>\n\n\n\n<div style=\"height:59px\" aria-hidden=\"true\" class=\"wp-block-spacer\"><\/div>\n\n\n\n<h2 class=\"wp-block-heading\">Les avantages du Service \u00e0 la Personne (SAP)<\/h2>\n\n\n\n<div style=\"height:33px\" aria-hidden=\"true\" class=\"wp-block-spacer\"><\/div>\n\n\n\n<p>Faire appel au <strong>petit bricolage<\/strong> en <strong>SAP<\/strong> vous permet de b\u00e9n\u00e9ficier de nombreux avantages, dont\u202f:<\/p>\n\n\n\n<ul class=\"wp-block-list\">\n<li><strong>Cr\u00e9dit d\u2019imp\u00f4t ou r\u00e9duction d\u2019imp\u00f4t<\/strong> : selon votre situation fiscale, vous pouvez profiter d\u2019un cr\u00e9dit ou d\u2019une r\u00e9duction d\u2019imp\u00f4t \u00e9gale \u00e0 50\u202f% des d\u00e9penses engag\u00e9es pour les prestations de SAP, dans la limite des plafonds l\u00e9gaux.<\/li>\n\n\n\n<li><strong>Simplicit\u00e9 administrative<\/strong> : c\u2019est nous qui g\u00e9rons la partie administrative, vous n\u2019avez pas besoin de d\u00e9clarer vous-m\u00eame l\u2019intervenant comme employeur particulier.<\/li>\n\n\n\n<li><strong>Professionnels form\u00e9s<\/strong> : nos intervenants sont qualifi\u00e9s, assur\u00e9s et encadr\u00e9s pour vous garantir une prestation de qualit\u00e9.<\/li>\n<\/ul>\n\n\n\n<p>Il est important de v\u00e9rifier r\u00e9guli\u00e8rement les conditions d\u2019\u00e9ligibilit\u00e9 et les plafonds en vigueur pour conna\u00eetre le montant exact du cr\u00e9dit ou de la r\u00e9duction d\u2019imp\u00f4t auquel vous pourriez pr\u00e9tendre.<\/p>\n\n\n\n<div style=\"height:59px\" aria-hidden=\"true\" class=\"wp-block-spacer\"><\/div>\n\n\n\n<h2 class=\"wp-block-heading\">Pourquoi choisir Les Services Bretons\u202f?<\/h2>\n\n\n\n<div style=\"height:33px\" aria-hidden=\"true\" class=\"wp-block-spacer\"><\/div>\n\n\n\n<p>En optant pour <strong>Les Services Bretons<\/strong> pour vos petits travaux de bricolage, vous b\u00e9n\u00e9ficiez de\u202f:<\/p>\n\n\n\n<ol class=\"wp-block-list\">\n<li><strong>Un accompagnement personnalis\u00e9<\/strong><br>Nous prenons en compte vos besoins sp\u00e9cifiques et vous proposons un devis gratuit avant chaque intervention.<\/li>\n\n\n\n<li><strong>Une \u00e9quipe polyvalente<\/strong><br>Nos intervenants ont l\u2019habitude de s\u2019occuper de multiples t\u00e2ches de bricolage, garantissant ainsi un travail rapide et soign\u00e9.<\/li>\n\n\n\n<li><strong>Une proximit\u00e9 g\u00e9ographique<\/strong><br>Nous intervenons dans les secteurs de Saint-Malo, Cancale, Dinard et villes alentours (ou la zone de votre choix) pour vous offrir un service de proximit\u00e9 rapide.<\/li>\n\n\n\n<li><strong>Un service cl\u00e9 en main<\/strong><br>Du d\u00e9placement de l\u2019intervenant \u00e0 la r\u00e9alisation des travaux, en passant par la gestion administrative du Service \u00e0 la Personne, nous nous occupons de tout pour que vous puissiez profiter de r\u00e9sultats concrets sans tracas.<\/li>\n<\/ol>\n\n\n\n<div style=\"height:59px\" aria-hidden=\"true\" class=\"wp-block-spacer\"><\/div>\n\n\n\n<h2 class=\"wp-block-heading\">Contactez-nous pour un devis gratuit<\/h2>\n\n\n\n<div style=\"height:33px\" aria-hidden=\"true\" class=\"wp-block-spacer\"><\/div>\n\n\n\n<p>Vous souhaitez en savoir plus sur nos prestations de <strong>petit bricolage<\/strong> en <strong>Service \u00e0 la Personne<\/strong>\u202f? Obtenir un devis\u202f? N\u2019h\u00e9sitez pas \u00e0 nous contacter\u202f:<\/p>\n\n\n\n<div style=\"height:33px\" aria-hidden=\"true\" class=\"wp-block-spacer\"><\/div>\n\n\n\n<ul class=\"wp-block-list\">\n<li><strong>T\u00e9l\u00e9phone<\/strong> : <a href=\"TEL:+33299584650\">02 99 58 46 50<\/a><\/li>\n\n\n\n<li><strong>Adresse<\/strong> : 20 rue de Dol, La Fresnais<\/li>\n<\/ul>\n\n\n\n<p>Faites confiance \u00e0 <strong>Les Services Bretons<\/strong> pour tous vos <strong>petits travaux de bricolage<\/strong> et gagnez en confort au quotidien, tout en profitant des avantages fiscaux li\u00e9s au <strong>SAP<\/strong>\u202f!<\/p>\n\n\n\n<p><\/p>\n","protected":false},"excerpt":{"rendered":"<p>Petit bricolage, facilitez votre quotidien avec Les Services Bretons ! Vous avez besoin d\u2019un coup de main pour installer un luminaire, fixer une \u00e9tag\u00e8re ou monter un petit meuble\u202f? Les Services Bretons vous proposent des prestations de petit bricolage en Service \u00e0 la Personne (SAP). Profitez d\u2019un service rapide, professionnel et \u00e9conomique, tout en b\u00e9n\u00e9ficiant [&hellip;]<\/p>\n","protected":false},"author":1,"featured_media":0,"parent":0,"menu_order":0,"comment_status":"closed","ping_status":"closed","template":"","meta":{"footnotes":""},"class_list":["post-170","page","type-page","status-publish","hentry"],"yoast_head":"<!-- This site is optimized with the Yoast SEO plugin v27.4 - https:\/\/yoast.com\/product\/yoast-seo-wordpress\/ -->\n<title>Petit bricolage en Service \u00e0 la Personne \u2013 Les Services Bretons<\/title>\n<meta name=\"description\" content=\"Les Services Bretons proposent du petit bricolage. Profitez d\u2019un cr\u00e9dit d\u2019imp\u00f4t de 50\u202f% et d\u2019un service professionnel\u202f!\" \/>\n<meta name=\"robots\" content=\"index, follow, max-snippet:-1, max-image-preview:large, max-video-preview:-1\" \/>\n<link rel=\"canonical\" href=\"https:\/\/lesservicesbretons.fr\/index.php\/brouillon-autopetit-bricolage-sap-credit-impot\/\" \/>\n<meta property=\"og:locale\" content=\"fr_FR\" \/>\n<meta property=\"og:type\" content=\"article\" \/>\n<meta property=\"og:title\" content=\"Petit bricolage en Service \u00e0 la Personne \u2013 Les Services Bretons\" \/>\n<meta property=\"og:description\" content=\"Les Services Bretons proposent du petit bricolage. Profitez d\u2019un cr\u00e9dit d\u2019imp\u00f4t de 50\u202f% et d\u2019un service professionnel\u202f!\" \/>\n<meta property=\"og:url\" content=\"https:\/\/lesservicesbretons.fr\/index.php\/brouillon-autopetit-bricolage-sap-credit-impot\/\" \/>\n<meta property=\"og:site_name\" content=\"Les Services Bretons - Entretien du Jardin\" \/>\n<meta property=\"article:publisher\" content=\"https:\/\/www.facebook.com\/ServicesBretons\/\" \/>\n<meta property=\"article:modified_time\" content=\"2025-09-29T08:14:18+00:00\" \/>\n<meta property=\"og:image\" content=\"https:\/\/lesservicesbretons.fr\/wp-content\/uploads\/2025\/04\/bricolage-saint-malo-Cancale-Dol-de-bretagne.jpg\" \/>\n\t<meta property=\"og:image:width\" content=\"800\" \/>\n\t<meta property=\"og:image:height\" content=\"533\" \/>\n\t<meta property=\"og:image:type\" content=\"image\/jpeg\" \/>\n<meta name=\"twitter:card\" content=\"summary_large_image\" \/>\n<meta name=\"twitter:label1\" content=\"Dur\u00e9e de lecture estim\u00e9e\" \/>\n\t<meta name=\"twitter:data1\" content=\"3 minutes\" \/>\n<script type=\"application\/ld+json\" class=\"yoast-schema-graph\">{\"@context\":\"https:\\\/\\\/schema.org\",\"@graph\":[{\"@type\":\"WebPage\",\"@id\":\"https:\\\/\\\/lesservicesbretons.fr\\\/index.php\\\/brouillon-autopetit-bricolage-sap-credit-impot\\\/\",\"url\":\"https:\\\/\\\/lesservicesbretons.fr\\\/index.php\\\/brouillon-autopetit-bricolage-sap-credit-impot\\\/\",\"name\":\"Petit bricolage en Service \u00e0 la Personne \u2013 Les Services Bretons\",\"isPartOf\":{\"@id\":\"https:\\\/\\\/lesservicesbretons.fr\\\/#website\"},\"primaryImageOfPage\":{\"@id\":\"https:\\\/\\\/lesservicesbretons.fr\\\/index.php\\\/brouillon-autopetit-bricolage-sap-credit-impot\\\/#primaryimage\"},\"image\":{\"@id\":\"https:\\\/\\\/lesservicesbretons.fr\\\/index.php\\\/brouillon-autopetit-bricolage-sap-credit-impot\\\/#primaryimage\"},\"thumbnailUrl\":\"https:\\\/\\\/lesservicesbretons.fr\\\/wp-content\\\/uploads\\\/2025\\\/04\\\/bricolage-saint-malo-Cancale-Dol-de-bretagne.jpg\",\"datePublished\":\"2025-03-13T14:03:29+00:00\",\"dateModified\":\"2025-09-29T08:14:18+00:00\",\"description\":\"Les Services Bretons proposent du petit bricolage. Profitez d\u2019un cr\u00e9dit d\u2019imp\u00f4t de 50\u202f% et d\u2019un service professionnel\u202f!\",\"breadcrumb\":{\"@id\":\"https:\\\/\\\/lesservicesbretons.fr\\\/index.php\\\/brouillon-autopetit-bricolage-sap-credit-impot\\\/#breadcrumb\"},\"inLanguage\":\"fr-FR\",\"potentialAction\":[{\"@type\":\"ReadAction\",\"target\":[\"https:\\\/\\\/lesservicesbretons.fr\\\/index.php\\\/brouillon-autopetit-bricolage-sap-credit-impot\\\/\"]}]},{\"@type\":\"ImageObject\",\"inLanguage\":\"fr-FR\",\"@id\":\"https:\\\/\\\/lesservicesbretons.fr\\\/index.php\\\/brouillon-autopetit-bricolage-sap-credit-impot\\\/#primaryimage\",\"url\":\"https:\\\/\\\/lesservicesbretons.fr\\\/wp-content\\\/uploads\\\/2025\\\/04\\\/bricolage-saint-malo-Cancale-Dol-de-bretagne.jpg\",\"contentUrl\":\"https:\\\/\\\/lesservicesbretons.fr\\\/wp-content\\\/uploads\\\/2025\\\/04\\\/bricolage-saint-malo-Cancale-Dol-de-bretagne.jpg\",\"width\":800,\"height\":533},{\"@type\":\"BreadcrumbList\",\"@id\":\"https:\\\/\\\/lesservicesbretons.fr\\\/index.php\\\/brouillon-autopetit-bricolage-sap-credit-impot\\\/#breadcrumb\",\"itemListElement\":[{\"@type\":\"ListItem\",\"position\":1,\"name\":\"Accueil\",\"item\":\"https:\\\/\\\/lesservicesbretons.fr\\\/\"},{\"@type\":\"ListItem\",\"position\":2,\"name\":\"Petit bricolage, facilitez votre quotidien\"}]},{\"@type\":\"WebSite\",\"@id\":\"https:\\\/\\\/lesservicesbretons.fr\\\/#website\",\"url\":\"https:\\\/\\\/lesservicesbretons.fr\\\/\",\"name\":\"Les Services Bretons - Entretien du Jardin sur Saint-Malo , Cancale et Dinard\",\"description\":\"Un jardin \u00e0 votre image\",\"publisher\":{\"@id\":\"https:\\\/\\\/lesservicesbretons.fr\\\/#organization\"},\"potentialAction\":[{\"@type\":\"SearchAction\",\"target\":{\"@type\":\"EntryPoint\",\"urlTemplate\":\"https:\\\/\\\/lesservicesbretons.fr\\\/?s={search_term_string}\"},\"query-input\":{\"@type\":\"PropertyValueSpecification\",\"valueRequired\":true,\"valueName\":\"search_term_string\"}}],\"inLanguage\":\"fr-FR\"},{\"@type\":\"Organization\",\"@id\":\"https:\\\/\\\/lesservicesbretons.fr\\\/#organization\",\"name\":\"Les Services Bretons\",\"url\":\"https:\\\/\\\/lesservicesbretons.fr\\\/\",\"logo\":{\"@type\":\"ImageObject\",\"inLanguage\":\"fr-FR\",\"@id\":\"https:\\\/\\\/lesservicesbretons.fr\\\/#\\\/schema\\\/logo\\\/image\\\/\",\"url\":\"https:\\\/\\\/lesservicesbretons.fr\\\/wp-content\\\/uploads\\\/2022\\\/05\\\/cropped-Les-Services-Bretons-jardin.png\",\"contentUrl\":\"https:\\\/\\\/lesservicesbretons.fr\\\/wp-content\\\/uploads\\\/2022\\\/05\\\/cropped-Les-Services-Bretons-jardin.png\",\"width\":563,\"height\":309,\"caption\":\"Les Services Bretons\"},\"image\":{\"@id\":\"https:\\\/\\\/lesservicesbretons.fr\\\/#\\\/schema\\\/logo\\\/image\\\/\"},\"sameAs\":[\"https:\\\/\\\/www.facebook.com\\\/ServicesBretons\\\/\"]}]}<\/script>\n<!-- \/ Yoast SEO plugin. -->","yoast_head_json":{"title":"Petit bricolage en Service \u00e0 la Personne \u2013 Les Services Bretons","description":"Les Services Bretons proposent du petit bricolage. Profitez d\u2019un cr\u00e9dit d\u2019imp\u00f4t de 50\u202f% et d\u2019un service professionnel\u202f!","robots":{"index":"index","follow":"follow","max-snippet":"max-snippet:-1","max-image-preview":"max-image-preview:large","max-video-preview":"max-video-preview:-1"},"canonical":"https:\/\/lesservicesbretons.fr\/index.php\/brouillon-autopetit-bricolage-sap-credit-impot\/","og_locale":"fr_FR","og_type":"article","og_title":"Petit bricolage en Service \u00e0 la Personne \u2013 Les Services Bretons","og_description":"Les Services Bretons proposent du petit bricolage. Profitez d\u2019un cr\u00e9dit d\u2019imp\u00f4t de 50\u202f% et d\u2019un service professionnel\u202f!","og_url":"https:\/\/lesservicesbretons.fr\/index.php\/brouillon-autopetit-bricolage-sap-credit-impot\/","og_site_name":"Les Services Bretons - Entretien du Jardin","article_publisher":"https:\/\/www.facebook.com\/ServicesBretons\/","article_modified_time":"2025-09-29T08:14:18+00:00","og_image":[{"width":800,"height":533,"url":"https:\/\/lesservicesbretons.fr\/wp-content\/uploads\/2025\/04\/bricolage-saint-malo-Cancale-Dol-de-bretagne.jpg","type":"image\/jpeg"}],"twitter_card":"summary_large_image","twitter_misc":{"Dur\u00e9e de lecture estim\u00e9e":"3 minutes"},"schema":{"@context":"https:\/\/schema.org","@graph":[{"@type":"WebPage","@id":"https:\/\/lesservicesbretons.fr\/index.php\/brouillon-autopetit-bricolage-sap-credit-impot\/","url":"https:\/\/lesservicesbretons.fr\/index.php\/brouillon-autopetit-bricolage-sap-credit-impot\/","name":"Petit bricolage en Service \u00e0 la Personne \u2013 Les Services Bretons","isPartOf":{"@id":"https:\/\/lesservicesbretons.fr\/#website"},"primaryImageOfPage":{"@id":"https:\/\/lesservicesbretons.fr\/index.php\/brouillon-autopetit-bricolage-sap-credit-impot\/#primaryimage"},"image":{"@id":"https:\/\/lesservicesbretons.fr\/index.php\/brouillon-autopetit-bricolage-sap-credit-impot\/#primaryimage"},"thumbnailUrl":"https:\/\/lesservicesbretons.fr\/wp-content\/uploads\/2025\/04\/bricolage-saint-malo-Cancale-Dol-de-bretagne.jpg","datePublished":"2025-03-13T14:03:29+00:00","dateModified":"2025-09-29T08:14:18+00:00","description":"Les Services Bretons proposent du petit bricolage. Profitez d\u2019un cr\u00e9dit d\u2019imp\u00f4t de 50\u202f% et d\u2019un service professionnel\u202f!","breadcrumb":{"@id":"https:\/\/lesservicesbretons.fr\/index.php\/brouillon-autopetit-bricolage-sap-credit-impot\/#breadcrumb"},"inLanguage":"fr-FR","potentialAction":[{"@type":"ReadAction","target":["https:\/\/lesservicesbretons.fr\/index.php\/brouillon-autopetit-bricolage-sap-credit-impot\/"]}]},{"@type":"ImageObject","inLanguage":"fr-FR","@id":"https:\/\/lesservicesbretons.fr\/index.php\/brouillon-autopetit-bricolage-sap-credit-impot\/#primaryimage","url":"https:\/\/lesservicesbretons.fr\/wp-content\/uploads\/2025\/04\/bricolage-saint-malo-Cancale-Dol-de-bretagne.jpg","contentUrl":"https:\/\/lesservicesbretons.fr\/wp-content\/uploads\/2025\/04\/bricolage-saint-malo-Cancale-Dol-de-bretagne.jpg","width":800,"height":533},{"@type":"BreadcrumbList","@id":"https:\/\/lesservicesbretons.fr\/index.php\/brouillon-autopetit-bricolage-sap-credit-impot\/#breadcrumb","itemListElement":[{"@type":"ListItem","position":1,"name":"Accueil","item":"https:\/\/lesservicesbretons.fr\/"},{"@type":"ListItem","position":2,"name":"Petit bricolage, facilitez votre quotidien"}]},{"@type":"WebSite","@id":"https:\/\/lesservicesbretons.fr\/#website","url":"https:\/\/lesservicesbretons.fr\/","name":"Les Services Bretons - Entretien du Jardin sur Saint-Malo , Cancale et Dinard","description":"Un jardin \u00e0 votre image","publisher":{"@id":"https:\/\/lesservicesbretons.fr\/#organization"},"potentialAction":[{"@type":"SearchAction","target":{"@type":"EntryPoint","urlTemplate":"https:\/\/lesservicesbretons.fr\/?s={search_term_string}"},"query-input":{"@type":"PropertyValueSpecification","valueRequired":true,"valueName":"search_term_string"}}],"inLanguage":"fr-FR"},{"@type":"Organization","@id":"https:\/\/lesservicesbretons.fr\/#organization","name":"Les Services Bretons","url":"https:\/\/lesservicesbretons.fr\/","logo":{"@type":"ImageObject","inLanguage":"fr-FR","@id":"https:\/\/lesservicesbretons.fr\/#\/schema\/logo\/image\/","url":"https:\/\/lesservicesbretons.fr\/wp-content\/uploads\/2022\/05\/cropped-Les-Services-Bretons-jardin.png","contentUrl":"https:\/\/lesservicesbretons.fr\/wp-content\/uploads\/2022\/05\/cropped-Les-Services-Bretons-jardin.png","width":563,"height":309,"caption":"Les Services Bretons"},"image":{"@id":"https:\/\/lesservicesbretons.fr\/#\/schema\/logo\/image\/"},"sameAs":["https:\/\/www.facebook.com\/ServicesBretons\/"]}]}},"_links":{"self":[{"href":"https:\/\/lesservicesbretons.fr\/index.php\/wp-json\/wp\/v2\/pages\/170","targetHints":{"allow":["GET"]}}],"collection":[{"href":"https:\/\/lesservicesbretons.fr\/index.php\/wp-json\/wp\/v2\/pages"}],"about":[{"href":"https:\/\/lesservicesbretons.fr\/index.php\/wp-json\/wp\/v2\/types\/page"}],"author":[{"embeddable":true,"href":"https:\/\/lesservicesbretons.fr\/index.php\/wp-json\/wp\/v2\/users\/1"}],"replies":[{"embeddable":true,"href":"https:\/\/lesservicesbretons.fr\/index.php\/wp-json\/wp\/v2\/comments?post=170"}],"version-history":[{"count":6,"href":"https:\/\/lesservicesbretons.fr\/index.php\/wp-json\/wp\/v2\/pages\/170\/revisions"}],"predecessor-version":[{"id":319,"href":"https:\/\/lesservicesbretons.fr\/index.php\/wp-json\/wp\/v2\/pages\/170\/revisions\/319"}],"wp:attachment":[{"href":"https:\/\/lesservicesbretons.fr\/index.php\/wp-json\/wp\/v2\/media?parent=170"}],"curies":[{"name":"wp","href":"https:\/\/api.w.org\/{rel}","templated":true}]}}