{"id":56,"date":"2021-05-04T17:51:08","date_gmt":"2021-05-04T15:51:08","guid":{"rendered":"https:\/\/lesservicesbretons.fr\/?page_id=56"},"modified":"2025-09-29T10:08:31","modified_gmt":"2025-09-29T08:08:31","slug":"nnettoyage-haute-pression-saint-malo","status":"publish","type":"page","link":"https:\/\/lesservicesbretons.fr\/index.php\/nnettoyage-haute-pression-saint-malo\/","title":{"rendered":"Nettoyage Haute Pression"},"content":{"rendered":"\n<h2 class=\"wp-block-heading\">Nettoyage Haute Pression \u00e0 Saint-Malo, Dinard, Cancale, Dol et villes alentours<\/h2>\n\n\n\n<div style=\"height:33px\" aria-hidden=\"true\" class=\"wp-block-spacer\"><\/div>\n\n\n\n<div class=\"wp-block-media-text is-stacked-on-mobile\" style=\"grid-template-columns:33% auto\"><figure class=\"wp-block-media-text__media\"><img loading=\"lazy\" decoding=\"async\" width=\"642\" height=\"1024\" src=\"https:\/\/lesservicesbretons.fr\/wp-content\/uploads\/2025\/04\/Screenshot_20250415_142831_Gallery-1-642x1024.jpg\" alt=\"\" class=\"wp-image-181 size-full\" srcset=\"https:\/\/lesservicesbretons.fr\/wp-content\/uploads\/2025\/04\/Screenshot_20250415_142831_Gallery-1-642x1024.jpg 642w, https:\/\/lesservicesbretons.fr\/wp-content\/uploads\/2025\/04\/Screenshot_20250415_142831_Gallery-1-188x300.jpg 188w, https:\/\/lesservicesbretons.fr\/wp-content\/uploads\/2025\/04\/Screenshot_20250415_142831_Gallery-1-768x1226.jpg 768w, https:\/\/lesservicesbretons.fr\/wp-content\/uploads\/2025\/04\/Screenshot_20250415_142831_Gallery-1-962x1536.jpg 962w, https:\/\/lesservicesbretons.fr\/wp-content\/uploads\/2025\/04\/Screenshot_20250415_142831_Gallery-1.jpg 1069w\" sizes=\"auto, (max-width: 642px) 100vw, 642px\" \/><\/figure><div class=\"wp-block-media-text__content\">\n<p>Redonnez vie \u00e0 vos ext\u00e9rieurs avec notre \u00e9quipement thermique ultra puissant<\/p>\n\n\n\n<p>Chez <strong>Les Services Bretons<\/strong>, nous sommes \u00e9quip\u00e9s d\u2019un <strong>nettoyeur haute pression thermique professionnel<\/strong> de derni\u00e8re g\u00e9n\u00e9ration. Sa puissance exceptionnelle nous permet de nettoyer efficacement <strong>toutes les surfaces ext\u00e9rieures<\/strong> : terrasses, fa\u00e7ades, murets, all\u00e9es, cl\u00f4tures, dalles, escaliers, mobilier de jardin, etc.<\/p>\n\n\n\n<p>Notre technologie thermique surpasse les nettoyeurs \u00e9lectriques classiques, garantissant un <strong>nettoyage en profondeur<\/strong> et un <strong>r\u00e9sultat durable<\/strong>. Fini les mousses, lichens et salissures : vos ext\u00e9rieurs retrouvent leur \u00e9clat d\u2019origine.<\/p>\n<\/div><\/div>\n\n\n\n<div style=\"height:31px\" aria-hidden=\"true\" class=\"wp-block-spacer\"><\/div>\n\n\n\n<p><\/p>\n\n\n\n<hr class=\"wp-block-separator has-alpha-channel-opacity\"\/>\n\n\n\n<h2 class=\"wp-block-heading\">\ud83d\udccd Intervention rapide sur la C\u00f4te d\u2019\u00c9meraude<\/h2>\n\n\n\n<p>Nous intervenons rapidement dans les communes suivantes :<\/p>\n\n\n\n<ul class=\"wp-block-list\">\n<li><strong>Saint-Malo<\/strong><\/li>\n\n\n\n<li><strong>Dinard<\/strong><\/li>\n\n\n\n<li><strong>Cancale<\/strong><\/li>\n\n\n\n<li><strong>Dol-de-Bretagne<\/strong><\/li>\n\n\n\n<li><strong>Saint-Briac-sur-Mer<\/strong><\/li>\n\n\n\n<li><strong>Dinan<\/strong><\/li>\n\n\n\n<li>Et les villes alentours<\/li>\n<\/ul>\n\n\n\n<hr class=\"wp-block-separator has-alpha-channel-opacity\"\/>\n\n\n\n<div style=\"height:31px\" aria-hidden=\"true\" class=\"wp-block-spacer\"><\/div>\n\n\n\n<h2 class=\"wp-block-heading\">\ud83d\udcb8 Profitez de 50 % de cr\u00e9dit d\u2019imp\u00f4t<\/h2>\n\n\n\n<p>En tant qu\u2019entreprise agr\u00e9\u00e9e de services \u00e0 la personne (SAP849109038), nos prestations de nettoyage haute pression \u00e0 domicile vous permettent de b\u00e9n\u00e9ficier de <strong>50 % de cr\u00e9dit ou r\u00e9duction d\u2019imp\u00f4t<\/strong> sur le montant de la facture.<\/p>\n\n\n\n<hr class=\"wp-block-separator has-alpha-channel-opacity\"\/>\n\n\n\n<div style=\"height:31px\" aria-hidden=\"true\" class=\"wp-block-spacer\"><\/div>\n\n\n\n<h2 class=\"wp-block-heading\">\u26a1 Avance imm\u00e9diate : ne payez que la moiti\u00e9<\/h2>\n\n\n\n<p>Gr\u00e2ce au dispositif d\u2019<strong>Avance imm\u00e9diate<\/strong> propos\u00e9 par l\u2019Urssaf, vous n\u2019avez plus besoin d\u2019attendre l\u2019ann\u00e9e suivante pour b\u00e9n\u00e9ficier de votre avantage fiscal. Vous ne payez <strong>que 50 % du montant<\/strong> de la prestation d\u00e8s la facturation. Simple, rapide et sans avance de tr\u00e9sorerie.<\/p>\n\n\n\n<hr class=\"wp-block-separator has-alpha-channel-opacity\"\/>\n\n\n\n<div style=\"height:31px\" aria-hidden=\"true\" class=\"wp-block-spacer\"><\/div>\n\n\n\n<h2 class=\"wp-block-heading\">\ud83d\udcde Contactez-nous pour un devis gratuit<\/h2>\n\n\n\n<p>\ud83d\udccd <strong>Adresse<\/strong> : 20 rue de Dol, 35111 La Fresnais<br>\ud83d\udcde <strong>T\u00e9l\u00e9phone<\/strong> :<a href=\"TEL:+33299584650\"> 02 99 58 46 50<\/a><br>\ud83c\udf10 <strong>Site web<\/strong> : <a class=\"\" href=\"https:\/\/lesservicesbretons.fr\/\">lesservicesbretons.fr<\/a><\/p>\n\n\n\n<div style=\"height:31px\" aria-hidden=\"true\" class=\"wp-block-spacer\"><\/div>\n\n\n\n<figure class=\"wp-block-video\"><video height=\"1080\" style=\"aspect-ratio: 1920 \/ 1080;\" width=\"1920\" controls src=\"https:\/\/lesservicesbretons.fr\/wp-content\/uploads\/2025\/04\/20250407_105250.mp4\"><\/video><\/figure>\n","protected":false},"excerpt":{"rendered":"<p>Nettoyage Haute Pression \u00e0 Saint-Malo, Dinard, Cancale, Dol et villes alentours Redonnez vie \u00e0 vos ext\u00e9rieurs avec notre \u00e9quipement thermique ultra puissant Chez Les Services Bretons, nous sommes \u00e9quip\u00e9s d\u2019un nettoyeur haute pression thermique professionnel de derni\u00e8re g\u00e9n\u00e9ration. Sa puissance exceptionnelle nous permet de nettoyer efficacement toutes les surfaces ext\u00e9rieures : terrasses, fa\u00e7ades, murets, all\u00e9es, [&hellip;]<\/p>\n","protected":false},"author":1,"featured_media":179,"parent":0,"menu_order":0,"comment_status":"closed","ping_status":"closed","template":"","meta":{"footnotes":""},"class_list":["post-56","page","type-page","status-publish","has-post-thumbnail","hentry"],"yoast_head":"<!-- This site is optimized with the Yoast SEO plugin v27.4 - https:\/\/yoast.com\/product\/yoast-seo-wordpress\/ -->\n<title>Nettoyage haute pression \u00e0 Saint-Malo, Dinard, Cancale \u2013 Les Services Bretons<\/title>\n<meta name=\"description\" content=\"Redonnez vie \u00e0 vos ext\u00e9rieurs avec notre nettoyage haute pression professionnel \u00e0 Saint-Malo, Dinard, Cancale. 50% de cr\u00e9dit d&#039;imp\u00f4t et avance imm\u00e9diate.\" \/>\n<meta name=\"robots\" content=\"index, follow, max-snippet:-1, max-image-preview:large, max-video-preview:-1\" \/>\n<link rel=\"canonical\" href=\"https:\/\/lesservicesbretons.fr\/index.php\/nnettoyage-haute-pression-saint-malo\/\" \/>\n<meta property=\"og:locale\" content=\"fr_FR\" \/>\n<meta property=\"og:type\" content=\"article\" \/>\n<meta property=\"og:title\" content=\"Nettoyage haute pression \u00e0 Saint-Malo, Dinard, Cancale \u2013 Les Services Bretons\" \/>\n<meta property=\"og:description\" content=\"Redonnez vie \u00e0 vos ext\u00e9rieurs avec notre nettoyage haute pression professionnel \u00e0 Saint-Malo, Dinard, Cancale. 50% de cr\u00e9dit d&#039;imp\u00f4t et avance imm\u00e9diate.\" \/>\n<meta property=\"og:url\" content=\"https:\/\/lesservicesbretons.fr\/index.php\/nnettoyage-haute-pression-saint-malo\/\" \/>\n<meta property=\"og:site_name\" content=\"Les Services Bretons - Entretien du Jardin\" \/>\n<meta property=\"article:publisher\" content=\"https:\/\/www.facebook.com\/ServicesBretons\/\" \/>\n<meta property=\"article:modified_time\" content=\"2025-09-29T08:08:31+00:00\" \/>\n<meta property=\"og:image\" content=\"https:\/\/lesservicesbretons.fr\/wp-content\/uploads\/2025\/04\/Screenshot_20250415_142831_Gallery.jpg\" \/>\n\t<meta property=\"og:image:width\" content=\"1080\" \/>\n\t<meta property=\"og:image:height\" content=\"2340\" \/>\n\t<meta property=\"og:image:type\" content=\"image\/jpeg\" \/>\n<meta name=\"twitter:card\" content=\"summary_large_image\" \/>\n<meta name=\"twitter:label1\" content=\"Dur\u00e9e de lecture estim\u00e9e\" \/>\n\t<meta name=\"twitter:data1\" content=\"2 minutes\" \/>\n<script type=\"application\/ld+json\" class=\"yoast-schema-graph\">{\"@context\":\"https:\\\/\\\/schema.org\",\"@graph\":[{\"@type\":\"WebPage\",\"@id\":\"https:\\\/\\\/lesservicesbretons.fr\\\/index.php\\\/nnettoyage-haute-pression-saint-malo\\\/\",\"url\":\"https:\\\/\\\/lesservicesbretons.fr\\\/index.php\\\/nnettoyage-haute-pression-saint-malo\\\/\",\"name\":\"Nettoyage haute pression \u00e0 Saint-Malo, Dinard, Cancale \u2013 Les Services Bretons\",\"isPartOf\":{\"@id\":\"https:\\\/\\\/lesservicesbretons.fr\\\/#website\"},\"primaryImageOfPage\":{\"@id\":\"https:\\\/\\\/lesservicesbretons.fr\\\/index.php\\\/nnettoyage-haute-pression-saint-malo\\\/#primaryimage\"},\"image\":{\"@id\":\"https:\\\/\\\/lesservicesbretons.fr\\\/index.php\\\/nnettoyage-haute-pression-saint-malo\\\/#primaryimage\"},\"thumbnailUrl\":\"https:\\\/\\\/lesservicesbretons.fr\\\/wp-content\\\/uploads\\\/2025\\\/04\\\/Screenshot_20250415_142831_Gallery.jpg\",\"datePublished\":\"2021-05-04T15:51:08+00:00\",\"dateModified\":\"2025-09-29T08:08:31+00:00\",\"description\":\"Redonnez vie \u00e0 vos ext\u00e9rieurs avec notre nettoyage haute pression professionnel \u00e0 Saint-Malo, Dinard, Cancale. 50% de cr\u00e9dit d'imp\u00f4t et avance imm\u00e9diate.\",\"breadcrumb\":{\"@id\":\"https:\\\/\\\/lesservicesbretons.fr\\\/index.php\\\/nnettoyage-haute-pression-saint-malo\\\/#breadcrumb\"},\"inLanguage\":\"fr-FR\",\"potentialAction\":[{\"@type\":\"ReadAction\",\"target\":[\"https:\\\/\\\/lesservicesbretons.fr\\\/index.php\\\/nnettoyage-haute-pression-saint-malo\\\/\"]}]},{\"@type\":\"ImageObject\",\"inLanguage\":\"fr-FR\",\"@id\":\"https:\\\/\\\/lesservicesbretons.fr\\\/index.php\\\/nnettoyage-haute-pression-saint-malo\\\/#primaryimage\",\"url\":\"https:\\\/\\\/lesservicesbretons.fr\\\/wp-content\\\/uploads\\\/2025\\\/04\\\/Screenshot_20250415_142831_Gallery.jpg\",\"contentUrl\":\"https:\\\/\\\/lesservicesbretons.fr\\\/wp-content\\\/uploads\\\/2025\\\/04\\\/Screenshot_20250415_142831_Gallery.jpg\",\"width\":1080,\"height\":2340},{\"@type\":\"BreadcrumbList\",\"@id\":\"https:\\\/\\\/lesservicesbretons.fr\\\/index.php\\\/nnettoyage-haute-pression-saint-malo\\\/#breadcrumb\",\"itemListElement\":[{\"@type\":\"ListItem\",\"position\":1,\"name\":\"Accueil\",\"item\":\"https:\\\/\\\/lesservicesbretons.fr\\\/\"},{\"@type\":\"ListItem\",\"position\":2,\"name\":\"Nettoyage Haute Pression\"}]},{\"@type\":\"WebSite\",\"@id\":\"https:\\\/\\\/lesservicesbretons.fr\\\/#website\",\"url\":\"https:\\\/\\\/lesservicesbretons.fr\\\/\",\"name\":\"Les Services Bretons - Entretien du Jardin sur Saint-Malo , Cancale et Dinard\",\"description\":\"Un jardin \u00e0 votre image\",\"publisher\":{\"@id\":\"https:\\\/\\\/lesservicesbretons.fr\\\/#organization\"},\"potentialAction\":[{\"@type\":\"SearchAction\",\"target\":{\"@type\":\"EntryPoint\",\"urlTemplate\":\"https:\\\/\\\/lesservicesbretons.fr\\\/?s={search_term_string}\"},\"query-input\":{\"@type\":\"PropertyValueSpecification\",\"valueRequired\":true,\"valueName\":\"search_term_string\"}}],\"inLanguage\":\"fr-FR\"},{\"@type\":\"Organization\",\"@id\":\"https:\\\/\\\/lesservicesbretons.fr\\\/#organization\",\"name\":\"Les Services Bretons\",\"url\":\"https:\\\/\\\/lesservicesbretons.fr\\\/\",\"logo\":{\"@type\":\"ImageObject\",\"inLanguage\":\"fr-FR\",\"@id\":\"https:\\\/\\\/lesservicesbretons.fr\\\/#\\\/schema\\\/logo\\\/image\\\/\",\"url\":\"https:\\\/\\\/lesservicesbretons.fr\\\/wp-content\\\/uploads\\\/2022\\\/05\\\/cropped-Les-Services-Bretons-jardin.png\",\"contentUrl\":\"https:\\\/\\\/lesservicesbretons.fr\\\/wp-content\\\/uploads\\\/2022\\\/05\\\/cropped-Les-Services-Bretons-jardin.png\",\"width\":563,\"height\":309,\"caption\":\"Les Services Bretons\"},\"image\":{\"@id\":\"https:\\\/\\\/lesservicesbretons.fr\\\/#\\\/schema\\\/logo\\\/image\\\/\"},\"sameAs\":[\"https:\\\/\\\/www.facebook.com\\\/ServicesBretons\\\/\"]}]}<\/script>\n<!-- \/ Yoast SEO plugin. -->","yoast_head_json":{"title":"Nettoyage haute pression \u00e0 Saint-Malo, Dinard, Cancale \u2013 Les Services Bretons","description":"Redonnez vie \u00e0 vos ext\u00e9rieurs avec notre nettoyage haute pression professionnel \u00e0 Saint-Malo, Dinard, Cancale. 50% de cr\u00e9dit d'imp\u00f4t et avance imm\u00e9diate.","robots":{"index":"index","follow":"follow","max-snippet":"max-snippet:-1","max-image-preview":"max-image-preview:large","max-video-preview":"max-video-preview:-1"},"canonical":"https:\/\/lesservicesbretons.fr\/index.php\/nnettoyage-haute-pression-saint-malo\/","og_locale":"fr_FR","og_type":"article","og_title":"Nettoyage haute pression \u00e0 Saint-Malo, Dinard, Cancale \u2013 Les Services Bretons","og_description":"Redonnez vie \u00e0 vos ext\u00e9rieurs avec notre nettoyage haute pression professionnel \u00e0 Saint-Malo, Dinard, Cancale. 50% de cr\u00e9dit d'imp\u00f4t et avance imm\u00e9diate.","og_url":"https:\/\/lesservicesbretons.fr\/index.php\/nnettoyage-haute-pression-saint-malo\/","og_site_name":"Les Services Bretons - Entretien du Jardin","article_publisher":"https:\/\/www.facebook.com\/ServicesBretons\/","article_modified_time":"2025-09-29T08:08:31+00:00","og_image":[{"width":1080,"height":2340,"url":"https:\/\/lesservicesbretons.fr\/wp-content\/uploads\/2025\/04\/Screenshot_20250415_142831_Gallery.jpg","type":"image\/jpeg"}],"twitter_card":"summary_large_image","twitter_misc":{"Dur\u00e9e de lecture estim\u00e9e":"2 minutes"},"schema":{"@context":"https:\/\/schema.org","@graph":[{"@type":"WebPage","@id":"https:\/\/lesservicesbretons.fr\/index.php\/nnettoyage-haute-pression-saint-malo\/","url":"https:\/\/lesservicesbretons.fr\/index.php\/nnettoyage-haute-pression-saint-malo\/","name":"Nettoyage haute pression \u00e0 Saint-Malo, Dinard, Cancale \u2013 Les Services Bretons","isPartOf":{"@id":"https:\/\/lesservicesbretons.fr\/#website"},"primaryImageOfPage":{"@id":"https:\/\/lesservicesbretons.fr\/index.php\/nnettoyage-haute-pression-saint-malo\/#primaryimage"},"image":{"@id":"https:\/\/lesservicesbretons.fr\/index.php\/nnettoyage-haute-pression-saint-malo\/#primaryimage"},"thumbnailUrl":"https:\/\/lesservicesbretons.fr\/wp-content\/uploads\/2025\/04\/Screenshot_20250415_142831_Gallery.jpg","datePublished":"2021-05-04T15:51:08+00:00","dateModified":"2025-09-29T08:08:31+00:00","description":"Redonnez vie \u00e0 vos ext\u00e9rieurs avec notre nettoyage haute pression professionnel \u00e0 Saint-Malo, Dinard, Cancale. 50% de cr\u00e9dit d'imp\u00f4t et avance imm\u00e9diate.","breadcrumb":{"@id":"https:\/\/lesservicesbretons.fr\/index.php\/nnettoyage-haute-pression-saint-malo\/#breadcrumb"},"inLanguage":"fr-FR","potentialAction":[{"@type":"ReadAction","target":["https:\/\/lesservicesbretons.fr\/index.php\/nnettoyage-haute-pression-saint-malo\/"]}]},{"@type":"ImageObject","inLanguage":"fr-FR","@id":"https:\/\/lesservicesbretons.fr\/index.php\/nnettoyage-haute-pression-saint-malo\/#primaryimage","url":"https:\/\/lesservicesbretons.fr\/wp-content\/uploads\/2025\/04\/Screenshot_20250415_142831_Gallery.jpg","contentUrl":"https:\/\/lesservicesbretons.fr\/wp-content\/uploads\/2025\/04\/Screenshot_20250415_142831_Gallery.jpg","width":1080,"height":2340},{"@type":"BreadcrumbList","@id":"https:\/\/lesservicesbretons.fr\/index.php\/nnettoyage-haute-pression-saint-malo\/#breadcrumb","itemListElement":[{"@type":"ListItem","position":1,"name":"Accueil","item":"https:\/\/lesservicesbretons.fr\/"},{"@type":"ListItem","position":2,"name":"Nettoyage Haute Pression"}]},{"@type":"WebSite","@id":"https:\/\/lesservicesbretons.fr\/#website","url":"https:\/\/lesservicesbretons.fr\/","name":"Les Services Bretons - Entretien du Jardin sur Saint-Malo , Cancale et Dinard","description":"Un jardin \u00e0 votre image","publisher":{"@id":"https:\/\/lesservicesbretons.fr\/#organization"},"potentialAction":[{"@type":"SearchAction","target":{"@type":"EntryPoint","urlTemplate":"https:\/\/lesservicesbretons.fr\/?s={search_term_string}"},"query-input":{"@type":"PropertyValueSpecification","valueRequired":true,"valueName":"search_term_string"}}],"inLanguage":"fr-FR"},{"@type":"Organization","@id":"https:\/\/lesservicesbretons.fr\/#organization","name":"Les Services Bretons","url":"https:\/\/lesservicesbretons.fr\/","logo":{"@type":"ImageObject","inLanguage":"fr-FR","@id":"https:\/\/lesservicesbretons.fr\/#\/schema\/logo\/image\/","url":"https:\/\/lesservicesbretons.fr\/wp-content\/uploads\/2022\/05\/cropped-Les-Services-Bretons-jardin.png","contentUrl":"https:\/\/lesservicesbretons.fr\/wp-content\/uploads\/2022\/05\/cropped-Les-Services-Bretons-jardin.png","width":563,"height":309,"caption":"Les Services Bretons"},"image":{"@id":"https:\/\/lesservicesbretons.fr\/#\/schema\/logo\/image\/"},"sameAs":["https:\/\/www.facebook.com\/ServicesBretons\/"]}]}},"_links":{"self":[{"href":"https:\/\/lesservicesbretons.fr\/index.php\/wp-json\/wp\/v2\/pages\/56","targetHints":{"allow":["GET"]}}],"collection":[{"href":"https:\/\/lesservicesbretons.fr\/index.php\/wp-json\/wp\/v2\/pages"}],"about":[{"href":"https:\/\/lesservicesbretons.fr\/index.php\/wp-json\/wp\/v2\/types\/page"}],"author":[{"embeddable":true,"href":"https:\/\/lesservicesbretons.fr\/index.php\/wp-json\/wp\/v2\/users\/1"}],"replies":[{"embeddable":true,"href":"https:\/\/lesservicesbretons.fr\/index.php\/wp-json\/wp\/v2\/comments?post=56"}],"version-history":[{"count":14,"href":"https:\/\/lesservicesbretons.fr\/index.php\/wp-json\/wp\/v2\/pages\/56\/revisions"}],"predecessor-version":[{"id":315,"href":"https:\/\/lesservicesbretons.fr\/index.php\/wp-json\/wp\/v2\/pages\/56\/revisions\/315"}],"wp:featuredmedia":[{"embeddable":true,"href":"https:\/\/lesservicesbretons.fr\/index.php\/wp-json\/wp\/v2\/media\/179"}],"wp:attachment":[{"href":"https:\/\/lesservicesbretons.fr\/index.php\/wp-json\/wp\/v2\/media?parent=56"}],"curies":[{"name":"wp","href":"https:\/\/api.w.org\/{rel}","templated":true}]}}